{"id":2,"date":"2025-12-21T17:11:40","date_gmt":"2025-12-21T10:11:40","guid":{"rendered":"https:\/\/www.demo.vietnamweb.asia\/?page_id=2"},"modified":"2025-12-21T17:11:31","modified_gmt":"2025-12-21T10:11:31","slug":"trang-chu","status":"publish","type":"page","link":"https:\/\/03okfun.org\/","title":{"rendered":"03okfun com &#8211; Trang Ch\u1ee7 Okfun | Ho\u00e0n Tr\u1ea3 T\u1ee9c Th\u00ec T\u1ed1i \u0110a \u0110\u1ebfn 2%"},"content":{"rendered":"<h2><span style=\"font-size: 110%; color: #f99b1c;\"><strong>TRANG CH\u1ee6 \u0110\u0102NG NH\u1eacP NH\u00c0 C\u00c1I OKFUN<\/strong><\/span><\/h2>\n<p>Link trang t\u1ed5ng v\u00e0o 03okfun com ch\u00ednh th\u1ee9c c\u1eadp nh\u1eadt ng\u00e0y h\u00f4m nay m\u1edbi nh\u1ea5t:<\/p>\n<div class=\"row row-small\"  id=\"row-1604763591\">\n\n\t<div id=\"col-1059994101\" class=\"col medium-4 small-12 large-4\"  >\n\t\t\t\t<div class=\"col-inner\"  >\n\t\t\t\n\t\t\t\n\t<div class=\"img has-hover x md-x lg-x y md-y lg-y\" id=\"image_1453270219\">\n\t\t<a class=\"\" href=\"https:\/\/qcte88.pro\/hwcf\" >\t\t\t\t\t\t<div class=\"img-inner dark\" >\n\t\t\t<img loading=\"lazy\" decoding=\"async\" width=\"400\" height=\"188\" src=\"https:\/\/03okfun.org\/wp-content\/uploads\/2025\/03\/dang-ky.webp\" class=\"attachment-original size-original\" alt=\"\u0110\u0103ng k\u00fd nh\u00e0 c\u00e1i\" srcset=\"https:\/\/03okfun.org\/wp-content\/uploads\/2025\/03\/dang-ky.webp 400w, https:\/\/03okfun.org\/wp-content\/uploads\/2025\/03\/dang-ky-300x141.webp 300w\" sizes=\"auto, (max-width: 400px) 100vw, 400px\" \/>\t\t\t\t\t\t\n\t\t\t\t\t<\/div>\n\t\t\t\t\t\t<\/a>\t\t\n<style>\n#image_1453270219 {\n  width: 100%;\n}\n<\/style>\n\t<\/div>\n\t\n\t\t<\/div>\n\t\t\t\t\t<\/div>\n\n\t\n\n\t<div id=\"col-225674559\" class=\"col medium-4 small-12 large-4\"  >\n\t\t\t\t<div class=\"col-inner\"  >\n\t\t\t\n\t\t\t\n\t<div class=\"img has-hover x md-x lg-x y md-y lg-y\" id=\"image_512739483\">\n\t\t<a class=\"\" href=\"https:\/\/qcte88.pro\/hwcf\" >\t\t\t\t\t\t<div class=\"img-inner dark\" >\n\t\t\t<img loading=\"lazy\" decoding=\"async\" width=\"400\" height=\"188\" src=\"https:\/\/03okfun.org\/wp-content\/uploads\/2025\/03\/dang-nhap.webp\" class=\"attachment-original size-original\" alt=\"\u0110\u0103ng nh\u1eadp t\u1ea3i app\" srcset=\"https:\/\/03okfun.org\/wp-content\/uploads\/2025\/03\/dang-nhap.webp 400w, https:\/\/03okfun.org\/wp-content\/uploads\/2025\/03\/dang-nhap-300x141.webp 300w\" sizes=\"auto, (max-width: 400px) 100vw, 400px\" \/>\t\t\t\t\t\t\n\t\t\t\t\t<\/div>\n\t\t\t\t\t\t<\/a>\t\t\n<style>\n#image_512739483 {\n  width: 100%;\n}\n<\/style>\n\t<\/div>\n\t\n\t\t<\/div>\n\t\t\t\t\t<\/div>\n\n\t\n\n\t<div id=\"col-555543970\" class=\"col medium-4 small-12 large-4\"  >\n\t\t\t\t<div class=\"col-inner\"  >\n\t\t\t\n\t\t\t\n\t<div class=\"img has-hover x md-x lg-x y md-y lg-y\" id=\"image_1473483488\">\n\t\t<a class=\"\" href=\"https:\/\/qcte88.pro\/hwcf\" >\t\t\t\t\t\t<div class=\"img-inner dark\" >\n\t\t\t<img loading=\"lazy\" decoding=\"async\" width=\"400\" height=\"188\" src=\"https:\/\/03okfun.org\/wp-content\/uploads\/2025\/03\/khuyen-mai.webp\" class=\"attachment-original size-original\" alt=\"Khuy\u1ebfn m\u00e3i th\u00e0nh vi\u00ean\" srcset=\"https:\/\/03okfun.org\/wp-content\/uploads\/2025\/03\/khuyen-mai.webp 400w, https:\/\/03okfun.org\/wp-content\/uploads\/2025\/03\/khuyen-mai-300x141.webp 300w\" sizes=\"auto, (max-width: 400px) 100vw, 400px\" \/>\t\t\t\t\t\t\n\t\t\t\t\t<\/div>\n\t\t\t\t\t\t<\/a>\t\t\n<style>\n#image_1473483488 {\n  width: 100%;\n}\n<\/style>\n\t<\/div>\n\t\n\t\t<\/div>\n\t\t\t\t\t<\/div>\n\n\t\n<\/div>\n\t<div id=\"gap-1821519883\" class=\"gap-element clearfix\" style=\"display:block; height:auto;\">\n\t\t\n<style>\n#gap-1821519883 {\n  padding-top: 16px;\n}\n<\/style>\n\t<\/div>\n\t\n\t<div id=\"gap-1977894783\" class=\"gap-element clearfix\" style=\"display:block; height:auto;\">\n\t\t\n<style>\n#gap-1977894783 {\n  padding-top: 15px;\n}\n<\/style>\n\t<\/div>\n\t\n<p><strong>Disclaimer (Tuy\u00ean b\u1ed1 mi\u1ec5n tr\u1eeb):<\/strong> N\u1ed9i dung tr\u00ean 03okfun.org ch\u1ec9 d\u00e0nh cho ng\u01b0\u1eddi tr\u00ean 18 tu\u1ed5i v\u00e0 kh\u00f4ng \u00e1p d\u1ee5ng cho ng\u01b0\u1eddi d\u00f9ng t\u1ea1i Vi\u1ec7t Nam. Th\u00f4ng tin \u0111\u01b0\u1ee3c chia s\u1ebb mang t\u00ednh ch\u1ea5t tham kh\u1ea3o, kh\u00f4ng c\u1ea5u th\u00e0nh l\u1eddi khuy\u00ean \u0111\u1ea7u t\u01b0 hay \u0111\u1ea3m b\u1ea3o l\u1ee3i nhu\u1eadn. 03okfun app t\u1eeb ch\u1ed1i m\u1ecdi tr\u00e1ch nhi\u1ec7m li\u00ean quan \u0111\u1ebfn c\u00e1c quy\u1ebft \u0111\u1ecbnh t\u00e0i ch\u00ednh c\u00e1 nh\u00e2n c\u1ee7a ng\u01b0\u1eddi d\u00f9ng.<\/p>\n<h2 class=\"tieu-de uppercase\"><span style=\"color: #3366ff;\"><strong>FAQ &#8211; nh\u1eefng th\u1eafc m\u1eafc v\u1ec1 trang ch\u1ee7 OKFUN<\/strong><\/span><\/h2>\n<div class=\"accordion\"><\/div>\n\t<div id=\"accordion-3476024358\" class=\"accordion-item\">\n\t\t<a id=\"accordion-3476024358-label\" class=\"accordion-title plain\" href=\"#accordion-item-th\u00f4ng-tin-t\u00e0i-kho\u1ea3n-03-okfun.casino-c\u00f3-\u0111\u01b0\u1ee3c-b\u1ea3o-m\u1eadt-kh\u00f4ng?\" aria-expanded=\"false\" aria-controls=\"accordion-3476024358-content\" >\n\t\t\t<button class=\"toggle\" aria-label=\"Chuy\u1ec3n \u0111\u1ed5i\"><i class=\"icon-angle-down\"><\/i><\/button>\n\t\t\t<span>Th\u00f4ng tin t\u00e0i kho\u1ea3n 03 okfun.casino c\u00f3 \u0111\u01b0\u1ee3c b\u1ea3o m\u1eadt kh\u00f4ng?<\/span>\n\t\t<\/a>\n\t\t<div id=\"accordion-3476024358-content\" class=\"accordion-inner\" aria-labelledby=\"accordion-3476024358-label\" >\n\t\t\t\n<p><span style=\"color: #3366ff;\">T\u1ea5t c\u1ea3 th\u00f4ng tin c\u00e1 nh\u00e2n do ng\u01b0\u1eddi d\u00f9ng cung c\u1ea5p tr\u00ean trang Okfun game s\u1ebd \u0111\u01b0\u1ee3c truy\u1ec1n qua c\u1ed5ng b\u1ea3o m\u1eadt \u0111\u01b0\u1ee3c m\u00e3 h\u00f3a SSL 128 bit v\u00e0 \u0111\u01b0\u1ee3c l\u01b0u tr\u1eef trong m\u1ed9t m\u00f4i tr\u01b0\u1eddng b\u00ed m\u1eadt kh\u00f4ng th\u1ec3 truy c\u1eadp c\u00f4ng khai. Truy c\u1eadp n\u1ed9i b\u1ed9 v\u00e0o t\u1ea5t c\u1ea3 c\u00e1c d\u1eef li\u1ec7u b\u1ecb h\u1ea1n ch\u1ebf v\u00e0 theo d\u00f5i ch\u1eb7t ch\u1ebd, \u0111\u1ec3 \u0111\u1ea3m b\u1ea3o an to\u00e0n cho th\u00f4ng tin v\u00e0 d\u1eef li\u1ec7u c\u00e1 nh\u00e2n c\u1ee7a ng\u01b0\u1eddi d\u00f9ng.<\/span><\/p>\n\t\t<\/div>\n\t<\/div>\n\t\n\t<div id=\"accordion-3255104884\" class=\"accordion-item\">\n\t\t<a id=\"accordion-3255104884-label\" class=\"accordion-title plain\" href=\"#accordion-item-truy-c\u1eadp-okfun-com-b\u1eb1ng-link-ch\u00ednh-th\u1ee9c-n\u00e0o?\" aria-expanded=\"false\" aria-controls=\"accordion-3255104884-content\" >\n\t\t\t<button class=\"toggle\" aria-label=\"Chuy\u1ec3n \u0111\u1ed5i\"><i class=\"icon-angle-down\"><\/i><\/button>\n\t\t\t<span>Truy c\u1eadp Okfun com b\u1eb1ng link ch\u00ednh th\u1ee9c n\u00e0o?<\/span>\n\t\t<\/a>\n\t\t<div id=\"accordion-3255104884-content\" class=\"accordion-inner\" aria-labelledby=\"accordion-3255104884-label\" >\n\t\t\t\n<p><span style=\"color: #3366ff;\">Truy c\u1eadp v\u00e0o OKFUN b\u1eb1ng c\u00e1c trang sau:<\/span><\/p>\n<ul>\n<li><span style=\"color: #3366ff;\">03okfun.com<\/span><\/li>\n<li><span style=\"color: #3366ff;\">0 3okfun.casino<\/span><\/li>\n<li><span style=\"color: #3366ff;\">03 okfun.app<\/span><\/li>\n<li><span style=\"color: #3366ff;\">03okfun . game<\/span><\/li>\n<li><span style=\"color: #3366ff;\">03 okfun.bet<\/span><\/li>\n<\/ul>\n<p>#trangchuokfun #dangnhapokfun #dangkyokfun #taiappokfun #appokfun #okfunbet #okfuncasino<\/p>\n<p>#trangchu03okfun #dangnhap03okfun #dangky03okfun #taiapp03okfun #app03okfun #03okfunbet #03okfuncasino<\/p>\n\t\t<\/div>\n\t<\/div>\n\t\n\t<div id=\"accordion-1605200823\" class=\"accordion-item\">\n\t\t<a id=\"accordion-1605200823-label\" class=\"accordion-title plain\" href=\"#accordion-item-k\u00eanh-h\u1ed7-tr\u1ee3-kh\u00e1ch-h\u00e0ng-03-okfun-com-ho\u1ea1t-\u0111\u1ed9ng-nh\u01b0-th\u1ebf-n\u00e0o?\" aria-expanded=\"false\" aria-controls=\"accordion-1605200823-content\" >\n\t\t\t<button class=\"toggle\" aria-label=\"Chuy\u1ec3n \u0111\u1ed5i\"><i class=\"icon-angle-down\"><\/i><\/button>\n\t\t\t<span>K\u00eanh h\u1ed7 tr\u1ee3 kh\u00e1ch h\u00e0ng 03 okfun com ho\u1ea1t \u0111\u1ed9ng nh\u01b0 th\u1ebf n\u00e0o?<\/span>\n\t\t<\/a>\n\t\t<div id=\"accordion-1605200823-content\" class=\"accordion-inner\" aria-labelledby=\"accordion-1605200823-label\" >\n\t\t\t\n<p><span style=\"color: #3366ff;\">H\u1ec7 th\u1ed1ng CSKH c\u1ee7a 03 okfun.game ho\u1ea1t \u0111\u1ed9ng 24\/7. B\u1ea5t k\u1ef3 khi n\u00e0o ng\u01b0\u1eddi ch\u01a1i g\u1eb7p v\u1ea5n \u0111\u1ec1 khi tham gia ch\u01a1i \u0111\u1ec1u c\u00f3 th\u1ec3 li\u00ean h\u1ec7 CSKH \u0111\u1ec3 \u0111\u01b0\u1ee3c h\u1ed7 tr\u1ee3 nhanh nh\u1ea5t.<\/span><\/p>\n\t\t<\/div>\n\t<\/div>\n\t\n\t<div id=\"accordion-1725555678\" class=\"accordion-item\">\n\t\t<a id=\"accordion-1725555678-label\" class=\"accordion-title plain\" href=\"#accordion-item-khuy\u1ebfn-m\u00e3i-t\u00e2n-th\u1ee7-okfun.bet-nh\u1eadn-nh\u01b0-th\u1ebf-n\u00e0o?\" aria-expanded=\"false\" aria-controls=\"accordion-1725555678-content\" >\n\t\t\t<button class=\"toggle\" aria-label=\"Chuy\u1ec3n \u0111\u1ed5i\"><i class=\"icon-angle-down\"><\/i><\/button>\n\t\t\t<span>Khuy\u1ebfn m\u00e3i t\u00e2n th\u1ee7 Okfun.bet nh\u1eadn nh\u01b0 th\u1ebf n\u00e0o?<\/span>\n\t\t<\/a>\n\t\t<div id=\"accordion-1725555678-content\" class=\"accordion-inner\" aria-labelledby=\"accordion-1725555678-label\" >\n\t\t\t\n<p><span style=\"color: #3366ff;\">Ng\u01b0\u1eddi ch\u01a1i sau khi \u0111\u0103ng k\u00fd th\u00e0nh c\u00f4ng t\u00e0i kho\u1ea3n 03okfun.con th\u1ef1c hi\u1ec7n n\u1ea1p ti\u1ec1n l\u1ea7n \u0111\u1ea7u s\u1ebd \u0111\u01b0\u1ee3c nh\u1eadn \u01b0u \u0111\u00e3i t\u1eb7ng th\u00eam 100% gi\u00e1 tr\u1ecb n\u1ea1p. Ti\u1ec1n th\u01b0\u1edfng s\u1ebd \u0111\u01b0\u1ee3c g\u1eedi v\u1ec1 t\u00e0i kho\u1ea3n game c\u1ee7a b\u1ea1n trong ch\u1ec9 1 ph\u00fat.<\/span><\/p>\n\t\t<\/div>\n\t<\/div>\n\t\n<p>&nbsp;<\/p>\n","protected":false},"excerpt":{"rendered":"<p>TRANG CH\u1ee6 \u0110\u0102NG NH\u1eacP NH\u00c0 C\u00c1I OKFUN Link trang t\u1ed5ng v\u00e0o 03okfun com ch\u00ednh th\u1ee9c c\u1eadp nh\u1eadt ng\u00e0y h\u00f4m nay m\u1edbi nh\u1ea5t: Disclaimer (Tuy\u00ean b\u1ed1 mi\u1ec5n tr\u1eeb): N\u1ed9i dung tr\u00ean 03okfun.org ch\u1ec9 d\u00e0nh cho ng\u01b0\u1eddi tr\u00ean 18 tu\u1ed5i v\u00e0 kh\u00f4ng \u00e1p d\u1ee5ng cho ng\u01b0\u1eddi d\u00f9ng t\u1ea1i Vi\u1ec7t Nam. Th\u00f4ng tin \u0111\u01b0\u1ee3c chia s\u1ebb mang t\u00ednh&#8230;<\/p>\n","protected":false},"author":1,"featured_media":0,"parent":0,"menu_order":0,"comment_status":"closed","ping_status":"open","template":"page-right-sidebar.php","meta":{"footnotes":""},"class_list":["post-2","page","type-page","status-publish","hentry"],"_links":{"self":[{"href":"https:\/\/03okfun.org\/index.php?rest_route=\/wp\/v2\/pages\/2","targetHints":{"allow":["GET"]}}],"collection":[{"href":"https:\/\/03okfun.org\/index.php?rest_route=\/wp\/v2\/pages"}],"about":[{"href":"https:\/\/03okfun.org\/index.php?rest_route=\/wp\/v2\/types\/page"}],"author":[{"embeddable":true,"href":"https:\/\/03okfun.org\/index.php?rest_route=\/wp\/v2\/users\/1"}],"replies":[{"embeddable":true,"href":"https:\/\/03okfun.org\/index.php?rest_route=%2Fwp%2Fv2%2Fcomments&post=2"}],"version-history":[{"count":54,"href":"https:\/\/03okfun.org\/index.php?rest_route=\/wp\/v2\/pages\/2\/revisions"}],"predecessor-version":[{"id":633,"href":"https:\/\/03okfun.org\/index.php?rest_route=\/wp\/v2\/pages\/2\/revisions\/633"}],"wp:attachment":[{"href":"https:\/\/03okfun.org\/index.php?rest_route=%2Fwp%2Fv2%2Fmedia&parent=2"}],"curies":[{"name":"wp","href":"https:\/\/api.w.org\/{rel}","templated":true}]}}